{"id":702,"date":"2025-02-26T18:30:41","date_gmt":"2025-02-26T18:30:41","guid":{"rendered":"https:\/\/tarkuspesa.ee\/?page_id=702"},"modified":"2026-01-28T11:31:24","modified_gmt":"2026-01-28T08:31:24","slug":"avaleht2","status":"publish","type":"page","link":"https:\/\/pandatuba.ee\/ru\/","title":{"rendered":"Avaleht"},"content":{"rendered":"<div class=\"wp-block-group alignfull has-background-background-color has-background is-layout-constrained wp-block-group-is-layout-constrained\" style=\"margin-top:0;margin-bottom:0;padding-top:0;padding-bottom:0\">\n<div class=\"wp-block-cover alignfull is-light\" style=\"margin-top:0;margin-bottom:0;min-height:596px;aspect-ratio:unset;\"><img loading=\"lazy\" decoding=\"async\" width=\"2048\" height=\"2048\" class=\"wp-block-cover__image-background wp-image-154\" alt=\"\" src=\"https:\/\/pandatuba.ee\/wp-content\/uploads\/2025\/02\/466338239_1107271511400495_9020184523080269101_n-2.jpg\" data-object-fit=\"cover\" srcset=\"https:\/\/pandatuba.ee\/wp-content\/uploads\/2025\/02\/466338239_1107271511400495_9020184523080269101_n-2.jpg 2048w, https:\/\/pandatuba.ee\/wp-content\/uploads\/2025\/02\/466338239_1107271511400495_9020184523080269101_n-2-300x300.jpg 300w, https:\/\/pandatuba.ee\/wp-content\/uploads\/2025\/02\/466338239_1107271511400495_9020184523080269101_n-2-1024x1024.jpg 1024w, https:\/\/pandatuba.ee\/wp-content\/uploads\/2025\/02\/466338239_1107271511400495_9020184523080269101_n-2-150x150.jpg 150w, https:\/\/pandatuba.ee\/wp-content\/uploads\/2025\/02\/466338239_1107271511400495_9020184523080269101_n-2-768x768.jpg 768w, https:\/\/pandatuba.ee\/wp-content\/uploads\/2025\/02\/466338239_1107271511400495_9020184523080269101_n-2-1536x1536.jpg 1536w, https:\/\/pandatuba.ee\/wp-content\/uploads\/2025\/02\/466338239_1107271511400495_9020184523080269101_n-2-600x600.jpg 600w, https:\/\/pandatuba.ee\/wp-content\/uploads\/2025\/02\/466338239_1107271511400495_9020184523080269101_n-2-100x100.jpg 100w\" sizes=\"auto, (max-width: 2048px) 100vw, 2048px\" \/><span aria-hidden=\"true\" class=\"wp-block-cover__background has-background-dim-60 has-background-dim\" style=\"background-color:#997d67\"><\/span><div class=\"wp-block-cover__inner-container is-layout-constrained wp-block-cover-is-layout-constrained\">\n<h3 class=\"wp-block-heading alignwide has-text-align-center has-foreground-color has-tertiary-background-color has-text-color has-background has-link-color has-large-font-size wp-elements-fc6f7366c6b967126609633c3320ab9b\" style=\"border-width:20px;border-radius:50px;margin-top:var(--wp--preset--spacing--60);margin-right:var(--wp--preset--spacing--80);margin-bottom:var(--wp--preset--spacing--60);margin-left:var(--wp--preset--spacing--80);padding-top:var(--wp--preset--spacing--50);padding-right:var(--wp--preset--spacing--80);padding-bottom:var(--wp--preset--spacing--50);padding-left:var(--wp--preset--spacing--80)\">Tere tulemast Panda m\u00e4ngutuppa!             <\/h3>\n\n\n\n<div class=\"wp-block-group alignwide is-vertical is-layout-flex wp-container-core-group-is-layout-fe9cc265 wp-block-group-is-layout-flex\">\n\n<div style=\"background:#E8F6EF;padding:22px 24px;border-radius:18px;text-align:center;margin-bottom:18px;box-shadow:0 6px 18px rgba(0,0,0,0.08);max-width:520px;\">\n  <h2 style=\"    margin:0 0 8px 0;    font-size:20px;  \">\n    \ud83d\udd25 SOODUSHINNAGA<br>\n    VIIMASED VABAD KUUP\u00c4EVAD!\n  <\/h2>\n\n  <p style=\"    margin:0 0 14px 0;    font-size:14px;  \">\n    Veebruaris ja m\u00e4rtsis on saadaval<br>\n    piiratud arv vabu aegu kampaaniahinnaga \ud83c\udf89\n  <\/p>\n\n  <p style=\"    margin:0 0 16px 0;    font-size:13px;  \">\n    \ud83d\udc9b Parim hind &nbsp;\u2022&nbsp; \u23f0 Kiire broneerimine &nbsp;\u2022&nbsp; \ud83d\udc3c\n  <\/p>\n\n  <a href=\"\/ru\/broneerimine\/\" style=\"    display:inline-block;    background:#FFD966;    color:#000;    padding:10px 22px;    border-radius:26px;    text-decoration:none;    font-weight:bold;    font-size:14px;  \">\n    BRONEERI KOHE\n  <\/a>\n<\/div>\n\n<\/div>\n<\/div><\/div>\n<\/div>\n\n\n\n<div class=\"wp-block-group alignwide has-foreground-color has-tertiary-background-color has-text-color has-background has-link-color wp-elements-389c55287af56297a0d8f17c2e878863 is-layout-constrained wp-container-core-group-is-layout-e3ba0cc5 wp-block-group-is-layout-constrained\" id=\"sobytiya\" style=\"border-width:16px;border-radius:41px;margin-top:0;margin-bottom:0;padding-top:var(--wp--preset--spacing--60);padding-right:var(--wp--preset--spacing--30);padding-bottom:var(--wp--preset--spacing--60);padding-left:var(--wp--preset--spacing--30)\">\n<div class=\"wp-block-group alignwide is-vertical is-content-justification-stretch is-layout-flex wp-container-core-group-is-layout-ca4d831c wp-block-group-is-layout-flex\" style=\"padding-top:0px;padding-bottom:0px\">\n<div class=\"wp-block-group alignwide is-content-justification-center is-layout-constrained wp-container-core-group-is-layout-8689d043 wp-block-group-is-layout-constrained\" style=\"margin-top:var(--wp--preset--spacing--70);margin-bottom:var(--wp--preset--spacing--70);padding-top:0;padding-bottom:0\">\n<h2 class=\"wp-block-heading alignwide has-text-align-center\">Tere tulemast Panda m\u00e4ngutuppa, kus  unistused saavad teoks!<\/h2>\n\n\n\n<figure class=\"wp-block-pullquote has-text-align-left has-large-font-size\"><blockquote><p>\u041d\u0430\u0445\u043e\u0434\u0438\u043c\u0441\u044f \u0432 \u0422\u0430\u043b\u043b\u0438\u043d\u043d\u0435, \u0432 \u0440\u0430\u0439\u043e\u043d\u0435 \u0425\u0430\u0430\u0431\u0435\u0440\u0441\u0442\u0438, \u0438 \u0433\u043e\u0442\u043e\u0432\u044b \u043f\u043e\u0434\u0430\u0440\u0438\u0442\u044c \u0432\u0430\u0448\u0438\u043c \u0434\u0435\u0442\u044f\u043c \u043d\u0435\u0437\u0430\u0431\u044b\u0432\u0430\u0435\u043c\u044b\u0439 \u043f\u0440\u0430\u0437\u0434\u043d\u0438\u043a \u0432 \u043f\u0440\u043e\u0441\u0442\u043e\u0440\u043d\u043e\u043c, \u0441\u0432\u0435\u0442\u043b\u043e\u043c \u043f\u043e\u043c\u0435\u0449\u0435\u043d\u0438\u0438 \u043f\u043b\u043e\u0449\u0430\u0434\u044c\u044e 140 \u043c\u00b2.<\/p><\/blockquote><\/figure>\n\n\n\n<p class=\"has-foreground-color has-text-color has-link-color has-koulen-font-family has-medium-font-size wp-elements-fc4daa8f7baa4af26ffee3d4c9d3aafb\">Meie m\u00e4ngutoas ootab teid ainulaadne lab\u00fcrint, lium\u00e4gi, pallimeri, helikopter ja palju muud p\u00f5nevat! M\u00e4nguasju jagub nii t\u00fcdrukutele kui ka poistele. Ka k\u00f5ige pisemad k\u00fclalised leiavad endale toredat tegevust.<\/p>\n\n\n\n<p class=\"has-foreground-color has-text-color has-link-color has-koulen-font-family has-medium-font-size wp-elements-76e493e1abc4268af38eb13b4e597a7f\">\u0414\u043b\u044f \u0434\u0435\u0442\u0435\u0439 \u043f\u043e\u0441\u0442\u0430\u0440\u0448\u0435 \u2013 \u0430 \u043f\u043e\u0447\u0435\u043c\u0443 \u0431\u044b \u0438 \u043d\u0435 \u0434\u043b\u044f \u0440\u043e\u0434\u0438\u0442\u0435\u043b\u0435\u0439 \u2013 \u043c\u044b \u043f\u0440\u0435\u0434\u043b\u0430\u0433\u0430\u0435\u043c \u043d\u0430\u0441\u0442\u043e\u043b\u044c\u043d\u044b\u0439 \u0444\u0443\u0442\u0431\u043e\u043b \u0438 X-Box, \u0447\u0442\u043e\u0431\u044b \u0432\u0435\u0441\u0435\u043b\u044c\u0435 \u0431\u044b\u043b\u043e \u0433\u0430\u0440\u0430\u043d\u0442\u0438\u0440\u043e\u0432\u0430\u043d\u043e. \u0414\u043b\u044f \u0432\u0437\u0440\u043e\u0441\u043b\u044b\u0445 \u0441\u043e\u0437\u0434\u0430\u043d\u0430 \u043e\u0442\u0434\u0435\u043b\u044c\u043d\u0430\u044f \u0443\u044e\u0442\u043d\u0430\u044f \u0437\u043e\u043d\u0430 \u043e\u0442\u0434\u044b\u0445\u0430, \u0433\u0434\u0435 \u043c\u043e\u0436\u043d\u043e \u043a\u043e\u043c\u0444\u043e\u0440\u0442\u043d\u043e \u0440\u0430\u0441\u0441\u043b\u0430\u0431\u0438\u0442\u044c\u0441\u044f, \u043f\u043e\u043a\u0430 \u0434\u0435\u0442\u0438 \u043d\u0430\u0441\u043b\u0430\u0436\u0434\u0430\u044e\u0442\u0441\u044f \u0438\u0433\u0440\u043e\u0439.<\/p>\n\n\n\n<p class=\"has-foreground-color has-text-color has-link-color has-koulen-font-family has-medium-font-size wp-elements-3584a3c0245fd618ed3fb2effe469ec6\">Samuti on olemas t\u00e4ielikult varustatud k\u00f6\u00f6ginurk, muusikakeskus ja eraldi tualettruum, et puhkus oleks v\u00f5imalikult mugav ja muretu!<\/p>\n<\/div>\n<\/div>\n\n\n\n<div class=\"wp-block-columns alignwide is-layout-flex wp-container-core-columns-is-layout-5b525043 wp-block-columns-is-layout-flex\">\n<div class=\"wp-block-column is-layout-flow wp-block-column-is-layout-flow\">\n<figure class=\"wp-block-image size-large has-custom-border ext-aspect-landscape\"><a href=\"https:\/\/pandatuba.ee\/ru\/galerii\/\"><img loading=\"lazy\" decoding=\"async\" width=\"768\" height=\"1024\" src=\"https:\/\/pandatuba.ee\/wp-content\/uploads\/2025\/02\/IMG_20250210_201728_581-768x1024.jpg\" alt=\"\" class=\"wp-image-155\" style=\"border-radius:1rem;aspect-ratio:4\/3;object-fit:cover\" srcset=\"https:\/\/pandatuba.ee\/wp-content\/uploads\/2025\/02\/IMG_20250210_201728_581-768x1024.jpg 768w, https:\/\/pandatuba.ee\/wp-content\/uploads\/2025\/02\/IMG_20250210_201728_581-225x300.jpg 225w, https:\/\/pandatuba.ee\/wp-content\/uploads\/2025\/02\/IMG_20250210_201728_581-600x800.jpg 600w, https:\/\/pandatuba.ee\/wp-content\/uploads\/2025\/02\/IMG_20250210_201728_581.jpg 960w\" sizes=\"auto, (max-width: 768px) 100vw, 768px\" \/><\/a><\/figure>\n\n\n\n<h3 class=\"wp-block-heading\" style=\"margin-top:24px;font-size:20px;line-height:1.5\"><\/h3>\n<\/div>\n\n\n\n<div class=\"wp-block-column is-layout-flow wp-block-column-is-layout-flow\">\n<figure class=\"wp-block-image size-large has-custom-border ext-aspect-landscape\"><a href=\"https:\/\/pandatuba.ee\/ru\/galerii\/\"><img loading=\"lazy\" decoding=\"async\" width=\"768\" height=\"1024\" src=\"https:\/\/pandatuba.ee\/wp-content\/uploads\/2025\/02\/IMG_20250210_201721_259-768x1024.jpg\" alt=\"\" class=\"wp-image-156\" style=\"border-radius:1rem;aspect-ratio:4\/3;object-fit:cover\" srcset=\"https:\/\/pandatuba.ee\/wp-content\/uploads\/2025\/02\/IMG_20250210_201721_259-768x1024.jpg 768w, https:\/\/pandatuba.ee\/wp-content\/uploads\/2025\/02\/IMG_20250210_201721_259-225x300.jpg 225w, https:\/\/pandatuba.ee\/wp-content\/uploads\/2025\/02\/IMG_20250210_201721_259-600x800.jpg 600w, https:\/\/pandatuba.ee\/wp-content\/uploads\/2025\/02\/IMG_20250210_201721_259.jpg 960w\" sizes=\"auto, (max-width: 768px) 100vw, 768px\" \/><\/a><\/figure>\n\n\n\n<h3 class=\"wp-block-heading\" style=\"margin-top:24px;font-size:20px;line-height:1.5\"><\/h3>\n<\/div>\n\n\n\n<div class=\"wp-block-column is-layout-flow wp-block-column-is-layout-flow\">\n<figure class=\"wp-block-image size-large has-custom-border ext-aspect-landscape\"><a href=\"https:\/\/pandatuba.ee\/ru\/galerii\/\"><img loading=\"lazy\" decoding=\"async\" width=\"768\" height=\"1024\" src=\"https:\/\/pandatuba.ee\/wp-content\/uploads\/2025\/02\/IMG_20250210_201710_710-768x1024.jpg\" alt=\"\" class=\"wp-image-157\" style=\"border-radius:1rem;aspect-ratio:4\/3;object-fit:cover\" srcset=\"https:\/\/pandatuba.ee\/wp-content\/uploads\/2025\/02\/IMG_20250210_201710_710-768x1024.jpg 768w, https:\/\/pandatuba.ee\/wp-content\/uploads\/2025\/02\/IMG_20250210_201710_710-225x300.jpg 225w, https:\/\/pandatuba.ee\/wp-content\/uploads\/2025\/02\/IMG_20250210_201710_710-600x800.jpg 600w, https:\/\/pandatuba.ee\/wp-content\/uploads\/2025\/02\/IMG_20250210_201710_710.jpg 960w\" sizes=\"auto, (max-width: 768px) 100vw, 768px\" \/><\/a><\/figure>\n\n\n\n<h3 class=\"wp-block-heading\" style=\"margin-top:24px;font-size:20px;line-height:1.5\"><\/h3>\n<\/div>\n<\/div>\n<\/div>\n\n\n\n<figure class=\"wp-block-image aligncenter size-large is-style-rounded\"><img loading=\"lazy\" decoding=\"async\" width=\"575\" height=\"1024\" src=\"https:\/\/pandatuba.ee\/wp-content\/uploads\/2025\/06\/IMG_1698-575x1024.jpeg\" alt=\"\" class=\"wp-image-864\" srcset=\"https:\/\/pandatuba.ee\/wp-content\/uploads\/2025\/06\/IMG_1698-575x1024.jpeg 575w, https:\/\/pandatuba.ee\/wp-content\/uploads\/2025\/06\/IMG_1698-169x300.jpeg 169w, https:\/\/pandatuba.ee\/wp-content\/uploads\/2025\/06\/IMG_1698-768x1367.jpeg 768w, https:\/\/pandatuba.ee\/wp-content\/uploads\/2025\/06\/IMG_1698-863x1536.jpeg 863w, https:\/\/pandatuba.ee\/wp-content\/uploads\/2025\/06\/IMG_1698-1150x2048.jpeg 1150w, https:\/\/pandatuba.ee\/wp-content\/uploads\/2025\/06\/IMG_1698-600x1068.jpeg 600w, https:\/\/pandatuba.ee\/wp-content\/uploads\/2025\/06\/IMG_1698.jpeg 1319w\" sizes=\"auto, (max-width: 575px) 100vw, 575px\" \/><\/figure>","protected":false},"excerpt":{"rendered":"<p>Tere tulemast Panda m\u00e4ngutuppa, kus unistused saavad teoks! Asume Tallinnas Haabersti linnaosas ja pakkume teie lastele unustamatu peo avaras ja valgusk\u00fcllases 140 m\u00b2 suuruses m\u00e4ngutoas. Meie m\u00e4ngutoas ootab teid ainulaadne lab\u00fcrint, lium\u00e4gi, pallimeri, helikopter ja palju muud p\u00f5nevat! M\u00e4nguasju jagub nii t\u00fcdrukutele kui ka poistele. Ka k\u00f5ige pisemad k\u00fclalised leiavad endale toredat tegevust. Natuke vanematele [&hellip;]<\/p>","protected":false},"author":2,"featured_media":0,"parent":0,"menu_order":0,"comment_status":"closed","ping_status":"closed","template":"wp-custom-template-ee","meta":{"footnotes":""},"class_list":["post-702","page","type-page","status-publish","hentry"],"pbg_featured_image_src":{"full":false,"thumbnail":false,"medium":false,"medium_large":false,"large":false,"1536x1536":false,"2048x2048":false,"trp-custom-language-flag":false},"pbg_author_info":{"display_name":"Sofja","author_link":"https:\/\/pandatuba.ee\/ru\/author\/sofja\/","author_img":"<img alt='Sofja' src='https:\/\/secure.gravatar.com\/avatar\/9c81017991d6fb37b50b0d961b187e2277df8cfc2aa08d79e51d428e36bf6231?s=128&#038;d=mm&#038;r=g' srcset='https:\/\/secure.gravatar.com\/avatar\/9c81017991d6fb37b50b0d961b187e2277df8cfc2aa08d79e51d428e36bf6231?s=256&#038;d=mm&#038;r=g 2x' class='avatar avatar-128 photo' height='128' width='128' loading='lazy' decoding='async'\/>"},"pbg_comment_info":" No Comments","pbg_excerpt":"Tere tulemast Panda m\u00e4ngutuppa, kus unistused saavad teoks! Asume Tallinnas Haabersti linnaosas ja pakkume teie lastele unustamatu peo avaras ja valgusk\u00fcllases 140 m\u00b2 suuruses m\u00e4ngutoas. Meie m\u00e4ngutoas ootab teid ainulaadne lab\u00fcrint, lium\u00e4gi, pallimeri, helikopter ja palju muud p\u00f5nevat! M\u00e4nguasju jagub nii t\u00fcdrukutele kui ka poistele. Ka k\u00f5ige pisemad k\u00fclalised leiavad endale toredat tegevust. Natuke vanematele&hellip;","_links":{"self":[{"href":"https:\/\/pandatuba.ee\/ru\/wp-json\/wp\/v2\/pages\/702","targetHints":{"allow":["GET"]}}],"collection":[{"href":"https:\/\/pandatuba.ee\/ru\/wp-json\/wp\/v2\/pages"}],"about":[{"href":"https:\/\/pandatuba.ee\/ru\/wp-json\/wp\/v2\/types\/page"}],"author":[{"embeddable":true,"href":"https:\/\/pandatuba.ee\/ru\/wp-json\/wp\/v2\/users\/2"}],"replies":[{"embeddable":true,"href":"https:\/\/pandatuba.ee\/ru\/wp-json\/wp\/v2\/comments?post=702"}],"version-history":[{"count":12,"href":"https:\/\/pandatuba.ee\/ru\/wp-json\/wp\/v2\/pages\/702\/revisions"}],"predecessor-version":[{"id":1823,"href":"https:\/\/pandatuba.ee\/ru\/wp-json\/wp\/v2\/pages\/702\/revisions\/1823"}],"wp:attachment":[{"href":"https:\/\/pandatuba.ee\/ru\/wp-json\/wp\/v2\/media?parent=702"}],"curies":[{"name":"wp","href":"https:\/\/api.w.org\/{rel}","templated":true}]}}